{"id":756,"date":"2019-08-23T10:04:51","date_gmt":"2019-08-23T10:04:51","guid":{"rendered":"http:\/\/palangosklinika.lt\/?page_id=756"},"modified":"2019-11-05T21:30:49","modified_gmt":"2019-11-05T21:30:49","slug":"lina-karbauskaite","status":"publish","type":"page","link":"https:\/\/palangosklinika.lt\/en\/specialistai\/lina-karbauskaite\/","title":{"rendered":"Lina Karbauskait\u0117"},"content":{"rendered":"<div id=\"fws_69f30bad5bff8\"  data-column-margin=\"default\" data-midnight=\"dark\" data-top-percent=\"5%\"  class=\"wpb_row vc_row-fluid vc_row\"  style=\"padding-top: calc(100vw * 0.05); padding-bottom: 0px; \"><div class=\"row-bg-wrap\" data-bg-animation=\"none\" data-bg-animation-delay=\"\" data-bg-overlay=\"false\"><div class=\"inner-wrap row-bg-layer\" ><div class=\"row-bg viewport-desktop\"  style=\"\"><\/div><\/div><\/div><div class=\"row_col_wrap_12 col span_12 dark left\">\n\t<div  class=\"vc_col-sm-1 wpb_column column_container vc_column_container col no-extra-padding\"  data-padding-pos=\"all\" data-has-bg-color=\"false\" data-bg-color=\"\" data-bg-opacity=\"1\" data-animation=\"\" data-delay=\"0\" >\n\t\t<div class=\"vc_column-inner\" >\n\t\t\t<div class=\"wpb_wrapper\">\n\t\t\t\t\n\t\t\t<\/div> \n\t\t<\/div>\n\t<\/div> \n\n\t<div  class=\"vc_col-sm-5 wpb_column column_container vc_column_container col no-extra-padding\"  data-padding-pos=\"all\" data-has-bg-color=\"false\" data-bg-color=\"\" data-bg-opacity=\"1\" data-animation=\"\" data-delay=\"0\" >\n\t\t<div class=\"vc_column-inner\" >\n\t\t\t<div class=\"wpb_wrapper\">\n\t\t\t\t<div id=\"fws_69f30bad5c7b4\" data-midnight=\"\" data-column-margin=\"default\" class=\"wpb_row vc_row-fluid vc_row inner_row\"  style=\"\"><div class=\"row-bg-wrap\"> <div class=\"row-bg\" ><\/div> <\/div><div class=\"row_col_wrap_12_inner col span_12  left\">\n\t<div  class=\"vc_col-sm-2 wpb_column column_container vc_column_container col child_column no-extra-padding\"   data-padding-pos=\"all\" data-has-bg-color=\"false\" data-bg-color=\"\" data-bg-opacity=\"1\" data-animation=\"\" data-delay=\"0\" >\n\t\t<div class=\"vc_column-inner\" >\n\t\t<div class=\"wpb_wrapper\">\n\t\t\t<li class=\"divider\"><\/li>\n\t\t<\/div> \n\t<\/div>\n\t<\/div> \n\n\t<div  class=\"vc_col-sm-8 wpb_column column_container vc_column_container col child_column no-extra-padding\"   data-padding-pos=\"all\" data-has-bg-color=\"false\" data-bg-color=\"\" data-bg-opacity=\"1\" data-animation=\"\" data-delay=\"0\" >\n\t\t<div class=\"vc_column-inner\" >\n\t\t<div class=\"wpb_wrapper\">\n\t\t\t\n<div class=\"wpb_text_column wpb_content_element  vc_custom_1559065479805\" >\n\t<div class=\"wpb_wrapper\">\n\t\t<p><strong><a href=\"\/en\/?page_id=17\">Back to list<\/a><\/strong><\/p>\n\t<\/div>\n<\/div>\n\n\n\n\n\t\t<\/div> \n\t<\/div>\n\t<\/div> \n\n\t<div  class=\"vc_col-sm-2 wpb_column column_container vc_column_container col child_column no-extra-padding\"   data-padding-pos=\"all\" data-has-bg-color=\"false\" data-bg-color=\"\" data-bg-opacity=\"1\" data-animation=\"\" data-delay=\"0\" >\n\t\t<div class=\"vc_column-inner\" >\n\t\t<div class=\"wpb_wrapper\">\n\t\t\t\n\t\t<\/div> \n\t<\/div>\n\t<\/div> \n<\/div><\/div>\n\t\t\t<\/div> \n\t\t<\/div>\n\t<\/div> \n\n\t<div  class=\"vc_col-sm-5 wpb_column column_container vc_column_container col no-extra-padding\"  data-padding-pos=\"all\" data-has-bg-color=\"false\" data-bg-color=\"\" data-bg-opacity=\"1\" data-animation=\"\" data-delay=\"0\" >\n\t\t<div class=\"vc_column-inner\" >\n\t\t\t<div class=\"wpb_wrapper\">\n\t\t\t\t\n\t\t\t<\/div> \n\t\t<\/div>\n\t<\/div> \n\n\t<div  class=\"vc_col-sm-1 wpb_column column_container vc_column_container col no-extra-padding\"  data-padding-pos=\"all\" data-has-bg-color=\"false\" data-bg-color=\"\" data-bg-opacity=\"1\" data-animation=\"\" data-delay=\"0\" >\n\t\t<div class=\"vc_column-inner\" >\n\t\t\t<div class=\"wpb_wrapper\">\n\t\t\t\t\n\t\t\t<\/div> \n\t\t<\/div>\n\t<\/div> \n<\/div><\/div>\n\t\t<div id=\"fws_69f30bad5d866\"  data-column-margin=\"default\" data-midnight=\"dark\" data-top-percent=\"3%\" data-bottom-percent=\"4%\"  class=\"wpb_row vc_row-fluid vc_row\"  style=\"padding-top: calc(100vw * 0.03); padding-bottom: calc(100vw * 0.04); \"><div class=\"row-bg-wrap\" data-bg-animation=\"none\" data-bg-animation-delay=\"\" data-bg-overlay=\"false\"><div class=\"inner-wrap row-bg-layer\" ><div class=\"row-bg viewport-desktop\"  style=\"\"><\/div><\/div><\/div><div class=\"row_col_wrap_12 col span_12 dark left\">\n\t<div  class=\"vc_col-sm-1 wpb_column column_container vc_column_container col no-extra-padding\"  data-padding-pos=\"all\" data-has-bg-color=\"false\" data-bg-color=\"\" data-bg-opacity=\"1\" data-animation=\"\" data-delay=\"0\" >\n\t\t<div class=\"vc_column-inner\" >\n\t\t\t<div class=\"wpb_wrapper\">\n\t\t\t\t\n\t\t\t<\/div> \n\t\t<\/div>\n\t<\/div> \n\n\t<div  class=\"vc_col-sm-5 wpb_column column_container vc_column_container col padding-2-percent\"  data-border-animation=\"\" data-border-animation-delay=\"\" data-border-width=\"1px\" data-border-style=\"solid\" data-border-color=\"#dcd0c0\" data-padding-pos=\"all\" data-has-bg-color=\"false\" data-bg-color=\"\" data-bg-opacity=\"1\" data-animation=\"\" data-delay=\"0\" >\n\t\t<div class=\"vc_column-inner\" style=\"border: 1px solid rgba(255,255,255,0); \"><span class=\"border-wrap\" style=\"border-color: #dcd0c0;\"><span class=\"border-top\"><\/span><span class=\"border-right\"><\/span><span class=\"border-bottom\"><\/span><span class=\"border-left\"><\/span><\/span>\n\t\t\t<div class=\"wpb_wrapper\">\n\t\t\t\t<div class=\"img-with-aniamtion-wrap center\" data-max-width=\"100%\" data-max-width-mobile=\"100%\" data-shadow=\"none\" data-animation=\"fade-in\" >\n      <div class=\"inner\">\n        <div class=\"hover-wrap\"> \n          <div class=\"hover-wrap-inner\">\n            <img loading=\"lazy\" decoding=\"async\" class=\"img-with-animation skip-lazy\" data-delay=\"0\" height=\"506\" width=\"445\" data-animation=\"fade-in\" src=\"https:\/\/palangosklinika.lt\/wp-content\/uploads\/2019\/10\/7DK_7496-PRINT-web-Copy.jpg\" alt=\"\" srcset=\"https:\/\/palangosklinika.lt\/wp-content\/uploads\/2019\/10\/7DK_7496-PRINT-web-Copy.jpg 445w, https:\/\/palangosklinika.lt\/wp-content\/uploads\/2019\/10\/7DK_7496-PRINT-web-Copy-264x300.jpg 264w\" sizes=\"auto, (max-width: 445px) 100vw, 445px\" \/>\n          <\/div>\n        <\/div>\n      <\/div>\n    <\/div>\n\t\t\t<\/div> \n\t\t<\/div>\n\t<\/div> \n\n\t<div  class=\"vc_col-sm-5 wpb_column column_container vc_column_container col padding-3-percent\"  data-padding-pos=\"left-right\" data-has-bg-color=\"false\" data-bg-color=\"\" data-bg-opacity=\"1\" data-animation=\"\" data-delay=\"0\" >\n\t\t<div class=\"vc_column-inner\" >\n\t\t\t<div class=\"wpb_wrapper\">\n\t\t\t\t\n<div class=\"wpb_text_column wpb_content_element  vc_custom_1566554642892\" >\n\t<div class=\"wpb_wrapper\">\n\t\t<h2 style=\"text-align: right;\"><span style=\"color: #dcd0c0;\">Lina Karbauskait\u0117 <\/span><\/h2>\n\t<\/div>\n<\/div>\n\n\n\n<div id=\"fws_69f30bad5e75a\" data-midnight=\"\" data-column-margin=\"default\" class=\"wpb_row vc_row-fluid vc_row inner_row\"  style=\"padding-bottom: 2%; \"><div class=\"row-bg-wrap\"> <div class=\"row-bg\" ><\/div> <\/div><div class=\"row_col_wrap_12_inner col span_12  left\">\n\t<div  class=\"vc_col-sm-4 wpb_column column_container vc_column_container col child_column no-extra-padding\"   data-padding-pos=\"all\" data-has-bg-color=\"false\" data-bg-color=\"\" data-bg-opacity=\"1\" data-animation=\"\" data-delay=\"0\" >\n\t\t<div class=\"vc_column-inner\" >\n\t\t<div class=\"wpb_wrapper\">\n\t\t\t<li class=\"divider\"><\/li>\n\t\t<\/div> \n\t<\/div>\n\t<\/div> \n\n\t<div  class=\"vc_col-sm-8 wpb_column column_container vc_column_container col child_column no-extra-padding\"   data-padding-pos=\"all\" data-has-bg-color=\"false\" data-bg-color=\"\" data-bg-opacity=\"1\" data-animation=\"\" data-delay=\"0\" >\n\t\t<div class=\"vc_column-inner\" >\n\t\t<div class=\"wpb_wrapper\">\n\t\t\t\n<div class=\"wpb_text_column wpb_content_element\" >\n\t<div class=\"wpb_wrapper\">\n\t\t<h5 style=\"text-align: right;\"><span style=\"color: #dcd0c0;\">Dentist<\/span><\/h5>\n\t<\/div>\n<\/div>\n\n\n\n\n\t\t<\/div> \n\t<\/div>\n\t<\/div> \n<\/div><\/div><div id=\"fws_69f30bad5ed42\" data-midnight=\"\" data-column-margin=\"default\" class=\"wpb_row vc_row-fluid vc_row inner_row\"  style=\"\"><div class=\"row-bg-wrap\"> <div class=\"row-bg\" ><\/div> <\/div><div class=\"row_col_wrap_12_inner col span_12  left\">\n\t<div  class=\"vc_col-sm-12 wpb_column column_container vc_column_container col child_column padding-10-percent\"   data-border-animation=\"\" data-border-animation-delay=\"\" data-border-width=\"1px\" data-border-style=\"solid\" data-border-color=\"#dcd0c0\" data-padding-pos=\"all\" data-has-bg-color=\"false\" data-bg-color=\"\" data-bg-opacity=\"1\" data-animation=\"\" data-delay=\"0\" >\n\t\t<div class=\"vc_column-inner\" style=\"border: 1px solid rgba(255,255,255,0); \"><span class=\"border-wrap\" style=\"border-color: #dcd0c0;\"><span class=\"border-top\"><\/span><span class=\"border-right\"><\/span><span class=\"border-bottom\"><\/span><span class=\"border-left\"><\/span><\/span>\n\t\t<div class=\"wpb_wrapper\">\n\t\t\t\n<div class=\"wpb_text_column wpb_content_element\" >\n\t<div class=\"wpb_wrapper\">\n\t\t<p>\u201eDR\u201c odontologijos klinikos gydytoja odontolog\u0117 Lina r\u016bpinasi ne tik suaugusi\u0173j\u0173 pacient\u0173 dantimis, ta\u010diau mielai laukia ir ma\u017e\u0173j\u0173 pacient\u0173. Gydytoja nuolat tobulina savo \u017einias tarptautin\u0117se konferencijose, specializuojasi vaik\u0173 ir suaugusi\u0173j\u0173 kariozini\u0173 pa\u017eeidim\u0173 gydyme.<\/p>\n<div class='yrm-content yrm-content-1 yrm-content-hide' id='yrm-BoCrE' data-id='1' data-show-status='false' data-after-action='' style=\"visibility: hidden;height: 0;\">\n\t\t\t<div id='yrm-inner-content-yrm-BoCrE' class='yrm-inner-content-wrapper yrm-cntent-1'>\n<ul>\n<li>2018. complete the Lithuanian health sciences university and was given a dental practitioner qualification;<\/li>\n<li>2016 m. konferencija ,,Danties \u0161aknies vir\u0161\u016bn\u0117s rezekcijos ilgalaik\u0117s gydymo perspektyvos\u201c;<\/li>\n<li>2017 m. konferencija ,,Smilkininio apatinio \u017eandikaulio s\u0105nario b\u016bkl\u0117s kitimas\u201c;<\/li>\n<li>2016 m. pristatytas mokslinis darbas \u201e Danties \u0161aknies vir\u0161\u016bn\u0117s rezekcijos ilgalaik\u0117s gydymo perspektyvos\u201c \/ \u201eJaun\u0173j\u0173 mokslinink\u0173 ir tyr\u0117j\u0173 konferencija\u201c;<\/li>\n<li>2016 m. atlikta papildoma praktika Lietuvos sveikatos moksl\u0173 universiteto \u201eBurnos prie\u017ei\u016bros ir vaik\u0173 odontologijos klinikoje\u201c;<\/li>\n<li>2017 m. konferencija \u201eEndodontologijos ab\u0117c\u0117l\u0117 \u2013 nuo \u012feg\u0173 atv\u0117rimo iki kanal\u0173 plombavimo : viskas k\u0105 turi \u017einoti odontologas\u201c;<\/li>\n<li>2017 m. konferencija \u201eSud\u0117ting\u0173 endodontini\u0173 gydymo atvej\u0173 ir komplikacij\u0173 gydymo b\u016bdai\u201c;<\/li>\n<li>2017 m. kursai \u201eDant\u0173 implantavimo ir protezavimo ant implant\u0173 pagrindai\u201c;<\/li>\n<li>2017 m. pristatytas mokslinis darbas \u201eSmilkininio apatinio \u017eandikaulio s\u0105nario b\u016bkl\u0117s kitimas ortodontinio gydymo metu\u201c;<\/li>\n<li>2017 m. atlikta papildoma praktika Lietuvos sveikatos moksl\u0173 universiteto ligonin\u0117je Kauno klinikos, \u201eDant\u0173 ir burnos lig\u0173 klinikoje\u201c;<\/li>\n<li>2017 m. praktikinis kursas \u201eLaikin\u0173 \u012ftvar\u0173 u\u017ed\u0117jimas gydant dant\u0173 traumas\u201c;<\/li>\n<li>2018 m. praktiniai kursai ,,Taisyklingas vir\u0161utini\u0173 \u0161onini\u0173 dant\u0173 anatomijos atstatymas plombuojant \u012fvairaus dyd\u017eio kariozinius pa\u017eeidimus\u201c;<\/li>\n<li>2018 m. praktiniai mokymai \u201eTiesiogin\u0117s estetin\u0117s restauracijos \u2013 sekm\u0117s receptai\u201c;<\/li>\n<li>2019 m. seminaras \u201eSisteminis nudilusi\u0173 dant\u0173 atsatymas\u201c;<br \/>\n<\/div>\n\t\t<\/div><div class='yrm-btn-wrapper yrm-inline-wrapper yrm-btn-wrapper-1  yrm-more-button-wrapper'><span title='a' data-less-title='' data-more-title='a'  class='yrm-toggle-expand  yrm-toggle-expand-1' data-rel='yrm-BoCrE' data-more='Daugiau' data-less='Ma\u017eiau' style='border: none; width: 100%;'><span class=\"yrm-button-text-1 yrm-button-text-span\">More<\/span><\/span><\/div><\/li>\n<\/ul>\n\t<\/div>\n<\/div>\n\n\n\n\n\t\t<\/div> \n\t<\/div>\n\t<\/div> \n<\/div><\/div>\n\t\t\t<\/div> \n\t\t<\/div>\n\t<\/div> \n\n\t<div  class=\"vc_col-sm-1 wpb_column column_container vc_column_container col no-extra-padding\"  data-padding-pos=\"all\" data-has-bg-color=\"false\" data-bg-color=\"\" data-bg-opacity=\"1\" data-animation=\"\" data-delay=\"0\" >\n\t\t<div class=\"vc_column-inner\" >\n\t\t\t<div class=\"wpb_wrapper\">\n\t\t\t\t\n\t\t\t<\/div> \n\t\t<\/div>\n\t<\/div> \n<\/div><\/div>\n\t\t<div id=\"fws_69f30bad61b34\"  data-column-margin=\"default\" data-midnight=\"dark\"  class=\"wpb_row vc_row-fluid vc_row\"  style=\"padding-top: 0px; padding-bottom: 0px; \"><div class=\"row-bg-wrap\" data-bg-animation=\"none\" data-bg-animation-delay=\"\" data-bg-overlay=\"false\"><div class=\"inner-wrap row-bg-layer\" ><div class=\"row-bg viewport-desktop\"  style=\"\"><\/div><\/div><\/div><div class=\"row_col_wrap_12 col span_12 dark left\">\n\t<div  class=\"vc_col-sm-12 wpb_column column_container vc_column_container col no-extra-padding\"  data-padding-pos=\"all\" data-has-bg-color=\"false\" data-bg-color=\"\" data-bg-opacity=\"1\" data-animation=\"\" data-delay=\"0\" >\n\t\t<div class=\"vc_column-inner\" >\n\t\t\t<div class=\"wpb_wrapper\">\n\t\t\t\t<div id=\"modal-trg-txt-wrap-8804\" class=\"ult-modal-input-wrapper ult-adjust-bottom-margin\" data-keypress-control=\"keypress-control-enable\" data-overlay-control=\"overlay-control-enable\"><span data-class-id=\"content-69f30bad61dff1-92182145\"><\/span>\n\t\t\t\t<script type=\"text\/javascript\">\n\t\t\t\t(function($){\n\t\t\t\t\t$(document).ready(function(){\n\t\t\t\t\t\tvar selector = \".modal-siusti-uzklausa\";\n\t\t\t\t\t\t$(selector).addClass(\"custom-ult-modal overlay-show\");\n\t\t\t\t\t\t$(selector).attr(\"data-class-id\", \"content-69f30bad61dff1-92182145\");\n\t\t\t\t\t\t$(selector).attr(\"data-overlay-class\", \"overlay-cornerbottomleft\");\n\t\t\t\t\t\t$(selector).attr(\"data-keypress-control\", \"keypress-control-enable\");\n\t\t\t\t\t\t$(selector).attr(\"data-overlay-control\", \"overlay-control-enable\");\n\t\t\t\t\t});\n\t\t\t\t})(jQuery);\n\t\t\t\t<\/script><\/div>\n<div class=\"ult-overlay content-69f30bad61dff1-92182145 modal-style\" data-class=\"content-69f30bad61dff1-92182145\" id=\"button-click-overlay\" style=\"background:rgba(255,255,255,0.9); display:none;\">\n\t<div class=\"ult_modal ult-fade ult-medium\">\n\t\t<div id=\"ult-modal-wrap-326\" class=\"ult_modal-content ult-hide\" style=\"border-style:solid;border-width:2px;border-radius:0px;border-color:#333333;\">\n\t\t\t<div  data-ultimate-target='#ult-modal-wrap-326 .ult_modal-body'  data-responsive-json-new='{\"font-size\":\"\",\"line-height\":\"\"}'  class=\"ult_modal-body ult-responsive ult-html\" style=\"\">\n\t\t\t\n<div class=\"wpcf7 no-js\" id=\"wpcf7-f421-o1\" lang=\"lt-LT\" dir=\"ltr\" data-wpcf7-id=\"421\">\n<div class=\"screen-reader-response\"><p role=\"status\" aria-live=\"polite\" aria-atomic=\"true\"><\/p> <ul><\/ul><\/div>\n<form action=\"\/en\/wp-json\/wp\/v2\/pages\/756#wpcf7-f421-o1\" method=\"post\" class=\"wpcf7-form init\" aria-label=\"Kontakt\u0173 forma\" novalidate=\"novalidate\" data-status=\"init\" data-trp-original-action=\"\/en\/wp-json\/wp\/v2\/pages\/756#wpcf7-f421-o1\">\n<div style=\"display: none;\">\n<input type=\"hidden\" name=\"_wpcf7\" value=\"421\" \/>\n<input type=\"hidden\" name=\"_wpcf7_version\" value=\"6.0.6\" \/>\n<input type=\"hidden\" name=\"_wpcf7_locale\" value=\"lt_LT\" \/>\n<input type=\"hidden\" name=\"_wpcf7_unit_tag\" value=\"wpcf7-f421-o1\" \/>\n<input type=\"hidden\" name=\"_wpcf7_container_post\" value=\"0\" \/>\n<input type=\"hidden\" name=\"_wpcf7_posted_data_hash\" value=\"\" \/>\n<input type=\"hidden\" name=\"_wpcf7_recaptcha_response\" value=\"\" \/>\n<\/div>\n<div class=\"row\">\n\t<div class=\"column1\" >\n\t\t<p><span class=\"greita-registracija\">Quick registration<\/span>\n\t\t<\/p>\n\t<\/div>\n\t<div class=\"column\" >\n\t\t<p><span class=\"wpcf7-form-control-wrap\" data-name=\"text-867\"><input size=\"40\" maxlength=\"400\" class=\"wpcf7-form-control wpcf7-text wpcf7-validates-as-required\" aria-required=\"true\" aria-invalid=\"false\" placeholder=\"Your name\" value=\"\" type=\"text\" name=\"text-867\" \/><\/span>\n\t\t<\/p>\n\t<\/div>\n\t<div class=\"column\">\n\t\t<p><span class=\"wpcf7-form-control-wrap\" data-name=\"tel-628\"><input size=\"40\" maxlength=\"400\" class=\"wpcf7-form-control wpcf7-tel wpcf7-validates-as-required wpcf7-text wpcf7-validates-as-tel\" aria-required=\"true\" aria-invalid=\"false\" placeholder=\"Phone number\" value=\"\" type=\"tel\" name=\"tel-628\" \/><\/span>\n\t\t<\/p>\n\t<\/div>\n\t<div class=\"column\">\n\t\t<p><span class=\"wpcf7-form-control-wrap\" data-name=\"menu-953\"><select class=\"wpcf7-form-control wpcf7-select wpcf7-validates-as-required\" aria-required=\"true\" aria-invalid=\"false\" name=\"menu-953\"><option value=\"Pasirinkite paslaug\u0105\">Select a service<\/option><option value=\"Veido estetikos proced\u016bros\">Facial aesthetic procedures<\/option><option value=\"Estetinis plombavimas\">Aesthetic sealing<\/option><option value=\"Dant\u0173 balinimas\">Teeth whitening<\/option><option value=\"Dant\u0173 implantacija\">Dental implant surgery<\/option><option value=\"Dant\u0173 protezavimas\">Prosthodontics<\/option><option value=\"Endodontinis dant\u0173 gydymas\">Endodontic dental treatment<\/option><option value=\"Radiologiniai tyrimai\">Radiological investigations<\/option><option value=\"Profesionali burnos higiena\">Professional oral hygiene<\/option><option value=\"Periodontologija\">Orthodontics<\/option><option value=\"Chirurgin\u0117 odontologija\">Surgical dentistry<\/option><option value=\"Terapinis odontologinis gydymas\">Therapeutic dental treatment<\/option><\/select><\/span>\n\t\t<\/p>\n\t<\/div>\n<\/div>\n\n<div class=\"pk-form-submit\">\n\t<p><input class=\"wpcf7-form-control wpcf7-submit has-spinner pk-form-submit\" type=\"submit\" value=\"Register\" \/>\n\t<\/p>\n<\/div><div class=\"wpcf7-response-output\" aria-hidden=\"true\"><\/div>\n<input type=\"hidden\" name=\"trp-form-language\" value=\"en\"\/><\/form>\n<\/div>\n\n\t\t\t<\/div>\n\t<\/div>\n\t<\/div>\n\t<div class=\"ult-overlay-close top-right\" style=\"width:80px;height:80px; \"><div class=\"ult-overlay-close-inside\">Close<\/div><\/div>\n<\/div>\n\t\t\t<\/div> \n\t\t<\/div>\n\t<\/div> \n<\/div><\/div>","protected":false},"excerpt":{"rendered":"Atgal \u012f s\u0105ra\u0161\u0105 Lina Karbauskait\u0117 Gyd. odontolog\u0117 \u201eDR\u201c odontologijos klinikos gydytoja odontolog\u0117 Lina r\u016bpinasi ne tik suaugusi\u0173j\u0173 pacient\u0173 dantimis, ta\u010diau mielai laukia ir ma\u017e\u0173j\u0173 pacient\u0173. Gydytoja nuolat tobulina savo \u017einias...","protected":false},"author":1,"featured_media":0,"parent":17,"menu_order":0,"comment_status":"closed","ping_status":"closed","template":"","meta":{"footnotes":""},"class_list":["post-756","page","type-page","status-publish"],"_links":{"self":[{"href":"https:\/\/palangosklinika.lt\/en\/wp-json\/wp\/v2\/pages\/756","targetHints":{"allow":["GET"]}}],"collection":[{"href":"https:\/\/palangosklinika.lt\/en\/wp-json\/wp\/v2\/pages"}],"about":[{"href":"https:\/\/palangosklinika.lt\/en\/wp-json\/wp\/v2\/types\/page"}],"author":[{"embeddable":true,"href":"https:\/\/palangosklinika.lt\/en\/wp-json\/wp\/v2\/users\/1"}],"replies":[{"embeddable":true,"href":"https:\/\/palangosklinika.lt\/en\/wp-json\/wp\/v2\/comments?post=756"}],"version-history":[{"count":0,"href":"https:\/\/palangosklinika.lt\/en\/wp-json\/wp\/v2\/pages\/756\/revisions"}],"up":[{"embeddable":true,"href":"https:\/\/palangosklinika.lt\/en\/wp-json\/wp\/v2\/pages\/17"}],"wp:attachment":[{"href":"https:\/\/palangosklinika.lt\/en\/wp-json\/wp\/v2\/media?parent=756"}],"curies":[{"name":"wp","href":"https:\/\/api.w.org\/{rel}","templated":true}]}}