{"id":17,"date":"2019-05-03T08:18:00","date_gmt":"2019-05-03T08:18:00","guid":{"rendered":"http:\/\/palangosklinika.lt\/?page_id=17"},"modified":"2025-05-08T12:08:33","modified_gmt":"2025-05-08T12:08:33","slug":"specialistai","status":"publish","type":"page","link":"https:\/\/palangosklinika.lt\/ru\/specialistai\/","title":{"rendered":"\u0421\u043f\u0435\u0446\u0438\u0430\u043b\u0438\u0441\u0442\u044b"},"content":{"rendered":"<div id=\"fws_69ee321eb6e1c\"  data-column-margin=\"default\" data-midnight=\"dark\" data-top-percent=\"4%\" data-bottom-percent=\"2%\"  class=\"wpb_row vc_row-fluid vc_row\"  style=\"padding-top: calc(100vw * 0.04); padding-bottom: calc(100vw * 0.02); \"><div class=\"row-bg-wrap\" data-bg-animation=\"none\" data-bg-animation-delay=\"\" data-bg-overlay=\"false\"><div class=\"inner-wrap row-bg-layer\" ><div class=\"row-bg viewport-desktop\"  style=\"\"><\/div><\/div><\/div><div class=\"row_col_wrap_12 col span_12 dark left\">\n\t<div  class=\"vc_col-sm-12 wpb_column column_container vc_column_container col no-extra-padding inherit_tablet inherit_phone\"  data-padding-pos=\"all\" data-has-bg-color=\"false\" data-bg-color=\"\" data-bg-opacity=\"1\" data-animation=\"\" data-delay=\"0\" >\n\t\t<div class=\"vc_column-inner\" >\n\t\t\t<div class=\"wpb_wrapper\">\n\t\t\t\t<div id=\"fws_69ee321eb7386\" data-midnight=\"\" data-column-margin=\"default\" class=\"wpb_row vc_row-fluid vc_row inner_row  vc_custom_1572989927629\"  style=\"\"><div class=\"row-bg-wrap\"> <div class=\"row-bg\" ><\/div> <\/div><div class=\"row_col_wrap_12_inner col span_12  left\">\n\t<div  class=\"vc_col-sm-3 wpb_column column_container vc_column_container col child_column padding-1-percent inherit_tablet inherit_phone\"   data-border-animation=\"\" data-border-animation-delay=\"\" data-border-width=\"1px\" data-border-style=\"solid\" data-border-color=\"#c1b6a4\" data-padding-pos=\"all\" data-has-bg-color=\"false\" data-bg-color=\"\" data-bg-opacity=\"1\" data-animation=\"\" data-delay=\"0\" >\n\t\t<div class=\"vc_column-inner\" style=\"border: 1px solid rgba(255,255,255,0); \"><span class=\"border-wrap\" style=\"border-color: #c1b6a4;\"><span class=\"border-top\"><\/span><span class=\"border-right\"><\/span><span class=\"border-bottom\"><\/span><span class=\"border-left\"><\/span><\/span>\n\t\t<div class=\"wpb_wrapper\">\n\t\t\t<div class=\"team-member\" data-style=\"meta_overlaid_alt\"><div class=\"team-member-overlay\"><\/div><a href=\"\/ru\/specialistai\/regimantas-simuntis\/\" ><\/a> <div class=\"team-member-image\" style=\"background-image: url(https:\/\/palangosklinika.lt\/wp-content\/uploads\/2019\/10\/7DK_7536-PRINT-web.jpg);\"><\/div><div class=\"team-meta\"><h3>Regimantas Simuntis<\/h3><p>Med. dr. \u0440\u043e\u0442 \u0445\u0438\u0440\u0443\u0440\u0433<p><\/div><\/div>\n\t\t<\/div> \n\t<\/div>\n\t<\/div> \n\n\t<div  class=\"vc_col-sm-3 wpb_column column_container vc_column_container col child_column padding-1-percent inherit_tablet inherit_phone\"   data-border-animation=\"\" data-border-animation-delay=\"\" data-border-width=\"1px\" data-border-style=\"solid\" data-border-color=\"#c1b6a4\" data-padding-pos=\"all\" data-has-bg-color=\"false\" data-bg-color=\"\" data-bg-opacity=\"1\" data-animation=\"\" data-delay=\"0\" >\n\t\t<div class=\"vc_column-inner\" style=\"border: 1px solid rgba(255,255,255,0); \"><span class=\"border-wrap\" style=\"border-color: #c1b6a4;\"><span class=\"border-top\"><\/span><span class=\"border-right\"><\/span><span class=\"border-bottom\"><\/span><span class=\"border-left\"><\/span><\/span>\n\t\t<div class=\"wpb_wrapper\">\n\t\t\t<div class=\"team-member\" data-style=\"meta_overlaid_alt\"><div class=\"team-member-overlay\"><\/div><a href=\"\/ru\/specialistai\/paulius-tusas\/\" ><\/a> <div class=\"team-member-image\" style=\"background-image: url(https:\/\/palangosklinika.lt\/wp-content\/uploads\/2019\/10\/7DK_7554-PRINT-web.jpg);\"><\/div><div class=\"team-meta\"><h3>Paulius Tu\u0161as<\/h3><p>Med. dr. endodontologas<p><\/div><\/div>\n\t\t<\/div> \n\t<\/div>\n\t<\/div> \n\n\t<div  class=\"vc_col-sm-3 wpb_column column_container vc_column_container col child_column padding-1-percent inherit_tablet inherit_phone\"   data-border-animation=\"\" data-border-animation-delay=\"\" data-border-width=\"1px\" data-border-style=\"solid\" data-border-color=\"#c1b6a4\" data-padding-pos=\"all\" data-has-bg-color=\"false\" data-bg-color=\"\" data-bg-opacity=\"1\" data-animation=\"\" data-delay=\"0\" >\n\t\t<div class=\"vc_column-inner\" style=\"border: 1px solid rgba(255,255,255,0); \"><span class=\"border-wrap\" style=\"border-color: #c1b6a4;\"><span class=\"border-top\"><\/span><span class=\"border-right\"><\/span><span class=\"border-bottom\"><\/span><span class=\"border-left\"><\/span><\/span>\n\t\t<div class=\"wpb_wrapper\">\n\t\t\t<div class=\"team-member\" data-style=\"meta_overlaid_alt\"><div class=\"team-member-overlay\"><\/div><a href=\"\/ru\/specialistai\/rimante-kozeniauskaite\/\" ><\/a> <div class=\"team-member-image\" style=\"background-image: url(https:\/\/palangosklinika.lt\/wp-content\/uploads\/2019\/10\/7DK_7517-PRINT-web.jpg);\"><\/div><div class=\"team-meta\"><h3>Rimant\u0117<br \/>\nKo\u017eeniauskait\u0117<\/h3><p>\u042d\u043d\u0434\u043e\u0434\u043e\u043d\u0442\u044b<p><\/div><\/div>\n\t\t<\/div> \n\t<\/div>\n\t<\/div> \n\n\t<div  class=\"vc_col-sm-3 wpb_column column_container vc_column_container col child_column padding-1-percent inherit_tablet inherit_phone\"   data-border-animation=\"\" data-border-animation-delay=\"\" data-border-width=\"1px\" data-border-style=\"solid\" data-border-color=\"#c1b6a4\" data-padding-pos=\"all\" data-has-bg-color=\"false\" data-bg-color=\"\" data-bg-opacity=\"1\" data-animation=\"\" data-delay=\"0\" >\n\t\t<div class=\"vc_column-inner\" style=\"border: 1px solid rgba(255,255,255,0); \"><span class=\"border-wrap\" style=\"border-color: #c1b6a4;\"><span class=\"border-top\"><\/span><span class=\"border-right\"><\/span><span class=\"border-bottom\"><\/span><span class=\"border-left\"><\/span><\/span>\n\t\t<div class=\"wpb_wrapper\">\n\t\t\t<div class=\"team-member\" data-style=\"meta_overlaid_alt\"><div class=\"team-member-overlay\"><\/div><a href=\"\/ru\/specialistai\/sofija-balcaitiene\/\" ><\/a> <div class=\"team-member-image\" style=\"background-image: url(https:\/\/palangosklinika.lt\/wp-content\/uploads\/2024\/10\/sofijaaa.jpg);\"><\/div><div class=\"team-meta\"><h3>Sofija Bal\u010daitien\u0117<\/h3><p>\u042d\u043d\u0434\u043e\u0434\u043e\u043d\u0442\u044b<p><\/div><\/div>\n\t\t<\/div> \n\t<\/div>\n\t<\/div> \n<\/div><\/div><div id=\"fws_69ee321eb8ac2\" data-midnight=\"\" data-column-margin=\"default\" class=\"wpb_row vc_row-fluid vc_row inner_row  vc_custom_1572989927629\"  style=\"\"><div class=\"row-bg-wrap\"> <div class=\"row-bg\" ><\/div> <\/div><div class=\"row_col_wrap_12_inner col span_12  left\">\n\t<div  class=\"vc_col-sm-3 wpb_column column_container vc_column_container col child_column padding-1-percent inherit_tablet inherit_phone\"   data-border-animation=\"\" data-border-animation-delay=\"\" data-border-width=\"1px\" data-border-style=\"solid\" data-border-color=\"#c1b6a4\" data-padding-pos=\"all\" data-has-bg-color=\"false\" data-bg-color=\"\" data-bg-opacity=\"1\" data-animation=\"\" data-delay=\"0\" >\n\t\t<div class=\"vc_column-inner\" style=\"border: 1px solid rgba(255,255,255,0); \"><span class=\"border-wrap\" style=\"border-color: #c1b6a4;\"><span class=\"border-top\"><\/span><span class=\"border-right\"><\/span><span class=\"border-bottom\"><\/span><span class=\"border-left\"><\/span><\/span>\n\t\t<div class=\"wpb_wrapper\">\n\t\t\t<div class=\"team-member\" data-style=\"meta_overlaid_alt\"><div class=\"team-member-overlay\"><\/div><a href=\"\/ru\/specialistai\/justina-mockeviciene\/\" ><\/a> <div class=\"team-member-image\" style=\"background-image: url(https:\/\/palangosklinika.lt\/wp-content\/uploads\/2019\/11\/justina.jpg);\"><\/div><div class=\"team-meta\"><h3>Justina Urbonait\u0117<\/h3><p>\u0413\u0438\u0433\u0438\u0435\u043d\u0438\u0441\u0442 \u043f\u043e\u043b\u043e\u0441\u0442\u0438 \u0440\u0442\u0430<p><\/div><\/div>\n\t\t<\/div> \n\t<\/div>\n\t<\/div> \n\n\t<div  class=\"vc_col-sm-3 wpb_column column_container vc_column_container col child_column padding-1-percent inherit_tablet inherit_phone\"   data-border-animation=\"\" data-border-animation-delay=\"\" data-border-width=\"1px\" data-border-style=\"solid\" data-border-color=\"#c1b6a4\" data-padding-pos=\"all\" data-has-bg-color=\"false\" data-bg-color=\"\" data-bg-opacity=\"1\" data-animation=\"\" data-delay=\"0\" >\n\t\t<div class=\"vc_column-inner\" style=\"border: 1px solid rgba(255,255,255,0); \"><span class=\"border-wrap\" style=\"border-color: #c1b6a4;\"><span class=\"border-top\"><\/span><span class=\"border-right\"><\/span><span class=\"border-bottom\"><\/span><span class=\"border-left\"><\/span><\/span>\n\t\t<div class=\"wpb_wrapper\">\n\t\t\t<div class=\"team-member\" data-style=\"meta_overlaid_alt\"><div class=\"team-member-overlay\"><\/div><a href=\"\/ru\/specialistai\/evelina-lubyte\/\" ><\/a> <div class=\"team-member-image\" style=\"background-image: url(https:\/\/palangosklinika.lt\/wp-content\/uploads\/2024\/10\/justinaaaa.jpg);\"><\/div><div class=\"team-meta\"><h3>Evelina Lubyt\u0117<\/h3><p>Gyd. \u0437\u0443\u0431\u043d\u043e\u0439 \u0442\u0435\u0445\u043d\u0438\u043a pad\u0117j\u0117ja<p><\/div><\/div>\n\t\t<\/div> \n\t<\/div>\n\t<\/div> \n\n\t<div  class=\"vc_col-sm-3 wpb_column column_container vc_column_container col child_column padding-1-percent inherit_tablet inherit_phone\"   data-border-animation=\"\" data-border-animation-delay=\"\" data-border-width=\"1px\" data-border-style=\"solid\" data-border-color=\"#c1b6a4\" data-padding-pos=\"all\" data-has-bg-color=\"false\" data-bg-color=\"\" data-bg-opacity=\"1\" data-animation=\"\" data-delay=\"0\" >\n\t\t<div class=\"vc_column-inner\" style=\"border: 1px solid rgba(255,255,255,0); \"><span class=\"border-wrap\" style=\"border-color: #c1b6a4;\"><span class=\"border-top\"><\/span><span class=\"border-right\"><\/span><span class=\"border-bottom\"><\/span><span class=\"border-left\"><\/span><\/span>\n\t\t<div class=\"wpb_wrapper\">\n\t\t\t<div class=\"team-member\" data-style=\"meta_overlaid_alt\"><div class=\"team-member-overlay\"><\/div><a href=\"\/ru\/specialistai\/laura-kybartaite\/\" ><\/a> <div class=\"team-member-image\" style=\"background-image: url(https:\/\/palangosklinika.lt\/wp-content\/uploads\/2025\/05\/Administrtore-Laura-Kybartaite-kirtpaa.png);\"><\/div><div class=\"team-meta\"><h3>Laura Kybartait\u0117<\/h3><p>Administrator<p><\/div><\/div>\n\t\t<\/div> \n\t<\/div>\n\t<\/div> \n<\/div><\/div>\n\t\t\t<\/div> \n\t\t<\/div>\n\t<\/div> \n<\/div><\/div><!-- Row Backgrounds --><div class=\"upb_color\" data-bg-override=\"0\" data-bg-color=\"\" data-fadeout=\"\" data-fadeout-percentage=\"30\" data-parallax-content=\"\" data-parallax-content-sense=\"30\" data-row-effect-mobile-disable=\"true\" data-img-parallax-mobile-disable=\"true\" data-rtl=\"false\"  data-custom-vc-row=\"\"  data-vc=\"7.8.2\"  data-is_old_vc=\"\"  data-theme-support=\"\"   data-overlay=\"false\" data-overlay-color=\"\" data-overlay-pattern=\"\" data-overlay-pattern-opacity=\"\" data-overlay-pattern-size=\"\"    ><\/div>\n\t\t<div id=\"fws_69ee321eb9fb3\"  data-column-margin=\"default\" data-midnight=\"dark\"  class=\"wpb_row vc_row-fluid vc_row\"  style=\"padding-top: 0px; padding-bottom: 0px; \"><div class=\"row-bg-wrap\" data-bg-animation=\"none\" data-bg-animation-delay=\"\" data-bg-overlay=\"false\"><div class=\"inner-wrap row-bg-layer\" ><div class=\"row-bg viewport-desktop\"  style=\"\"><\/div><\/div><\/div><div class=\"row_col_wrap_12 col span_12 dark left\">\n\t<div  class=\"vc_col-sm-12 wpb_column column_container vc_column_container col no-extra-padding inherit_tablet inherit_phone\"  data-padding-pos=\"all\" data-has-bg-color=\"false\" data-bg-color=\"\" data-bg-opacity=\"1\" data-animation=\"\" data-delay=\"0\" >\n\t\t<div class=\"vc_column-inner\" >\n\t\t\t<div class=\"wpb_wrapper\">\n\t\t\t\t<div id=\"modal-trg-txt-wrap-3812\" class=\"ult-modal-input-wrapper ult-adjust-bottom-margin\" data-keypress-control=\"keypress-control-enable\" data-overlay-control=\"overlay-control-enable\"><span data-class-id=\"content-69ee321eba2442-58960842\"><\/span>\n\t\t\t\t<script type=\"text\/javascript\">\n\t\t\t\t(function($){\n\t\t\t\t\t$(document).ready(function(){\n\t\t\t\t\t\tvar selector = \".modal-siusti-uzklausa\";\n\t\t\t\t\t\t$(selector).addClass(\"custom-ult-modal overlay-show\");\n\t\t\t\t\t\t$(selector).attr(\"data-class-id\", \"content-69ee321eba2442-58960842\");\n\t\t\t\t\t\t$(selector).attr(\"data-overlay-class\", \"overlay-cornerbottomleft\");\n\t\t\t\t\t\t$(selector).attr(\"data-keypress-control\", \"keypress-control-enable\");\n\t\t\t\t\t\t$(selector).attr(\"data-overlay-control\", \"overlay-control-enable\");\n\t\t\t\t\t});\n\t\t\t\t})(jQuery);\n\t\t\t\t<\/script><\/div>\n<div class=\"ult-overlay content-69ee321eba2442-58960842 modal-style\" data-class=\"content-69ee321eba2442-58960842\" id=\"button-click-overlay\" style=\"background:rgba(255,255,255,0.9); display:none;\">\n\t<div class=\"ult_modal ult-fade ult-medium\">\n\t\t<div id=\"ult-modal-wrap-8696\" class=\"ult_modal-content ult-hide\" style=\"border-style:solid;border-width:2px;border-radius:0px;border-color:#333333;\">\n\t\t\t<div  data-ultimate-target='#ult-modal-wrap-8696 .ult_modal-body'  data-responsive-json-new='{\"font-size\":\"\",\"line-height\":\"\"}'  class=\"ult_modal-body ult-responsive ult-html\" style=\"\">\n\t\t\t\n<div class=\"wpcf7 no-js\" id=\"wpcf7-f421-o1\" lang=\"lt-LT\" dir=\"ltr\" data-wpcf7-id=\"421\">\n<div class=\"screen-reader-response\"><p role=\"status\" aria-live=\"polite\" aria-atomic=\"true\"><\/p> <ul><\/ul><\/div>\n<form action=\"\/ru\/wp-json\/wp\/v2\/pages\/17#wpcf7-f421-o1\" method=\"post\" class=\"wpcf7-form init\" aria-label=\"Kontakt\u0173 forma\" novalidate=\"novalidate\" data-status=\"init\" data-trp-original-action=\"\/ru\/wp-json\/wp\/v2\/pages\/17#wpcf7-f421-o1\">\n<div style=\"display: none;\">\n<input type=\"hidden\" name=\"_wpcf7\" value=\"421\" \/>\n<input type=\"hidden\" name=\"_wpcf7_version\" value=\"6.0.6\" \/>\n<input type=\"hidden\" name=\"_wpcf7_locale\" value=\"lt_LT\" \/>\n<input type=\"hidden\" name=\"_wpcf7_unit_tag\" value=\"wpcf7-f421-o1\" \/>\n<input type=\"hidden\" name=\"_wpcf7_container_post\" value=\"0\" \/>\n<input type=\"hidden\" name=\"_wpcf7_posted_data_hash\" value=\"\" \/>\n<input type=\"hidden\" name=\"_wpcf7_recaptcha_response\" value=\"\" \/>\n<\/div>\n<div class=\"row\">\n\t<div class=\"column1\" >\n\t\t<p><span class=\"greita-registracija\">\u0411\u044b\u0441\u0442\u0440\u0430\u044f \u0440\u0435\u0433\u0438\u0441\u0442\u0440\u0430\u0446\u0438\u044f<\/span>\n\t\t<\/p>\n\t<\/div>\n\t<div class=\"column\" >\n\t\t<p><span class=\"wpcf7-form-control-wrap\" data-name=\"text-867\"><input size=\"40\" maxlength=\"400\" class=\"wpcf7-form-control wpcf7-text wpcf7-validates-as-required\" aria-required=\"true\" aria-invalid=\"false\" placeholder=\"\u0412\u0430\u0448\u0435 \u0438\u043c\u044f\" value=\"\" type=\"text\" name=\"text-867\" \/><\/span>\n\t\t<\/p>\n\t<\/div>\n\t<div class=\"column\">\n\t\t<p><span class=\"wpcf7-form-control-wrap\" data-name=\"tel-628\"><input size=\"40\" maxlength=\"400\" class=\"wpcf7-form-control wpcf7-tel wpcf7-validates-as-required wpcf7-text wpcf7-validates-as-tel\" aria-required=\"true\" aria-invalid=\"false\" placeholder=\"\u041d\u043e\u043c\u0435\u0440 \u0442\u0435\u043b\u0435\u0444\u043e\u043d\u0430\" value=\"\" type=\"tel\" name=\"tel-628\" \/><\/span>\n\t\t<\/p>\n\t<\/div>\n\t<div class=\"column\">\n\t\t<p><span class=\"wpcf7-form-control-wrap\" data-name=\"menu-953\"><select class=\"wpcf7-form-control wpcf7-select wpcf7-validates-as-required\" aria-required=\"true\" aria-invalid=\"false\" name=\"menu-953\"><option value=\"Pasirinkite paslaug\u0105\">\u0412\u044b\u0431\u0435\u0440\u0438\u0442\u0435 \u0443\u0441\u043b\u0443\u0433\u0443<\/option><option value=\"Veido estetikos proced\u016bros\">\u041b\u0438\u0446\u043e \u044d\u0441\u0442\u0435\u0442\u0438\u0447\u0435\u0441\u043a\u0438\u0445 \u043f\u0440\u043e\u0446\u0435\u0434\u0443\u0440<\/option><option value=\"Estetinis plombavimas\">\u042d\u0441\u0442\u0435\u0442\u0438\u0447\u0435\u0441\u043a\u043e\u0435 plombavimas<\/option><option value=\"Dant\u0173 balinimas\">\u041e\u0442\u0431\u0435\u043b\u0438\u0432\u0430\u043d\u0438\u0435 \u0437\u0443\u0431\u043e\u0432<\/option><option value=\"Dant\u0173 implantacija\">\u0417\u0443\u0431\u043d\u0430\u044f implantacija<\/option><option value=\"Dant\u0173 protezavimas\">\u0417\u0443\u0431\u043d\u0430\u044f protezavimas<\/option><option value=\"Endodontinis dant\u0173 gydymas\">Endodontinis \u0437\u0443\u0431\u043e\u0432 \u043b\u0435\u0447\u0435\u043d\u0438\u0435<\/option><option value=\"Radiologiniai tyrimai\">Radiologiniai \u0438\u0441\u0441\u043b\u0435\u0434\u043e\u0432\u0430\u043d\u0438\u044f<\/option><option value=\"Profesionali burnos higiena\">\u041f\u0440\u043e\u0444\u0435\u0441\u0441\u0438\u043e\u043d\u0430\u043b\u044c\u043d\u0430\u044f \u0433\u0438\u0433\u0438\u0435\u043d\u0430 \u0440\u0442\u0430<\/option><option value=\"Periodontologija\">\u041f\u0430\u0440\u043e\u0434\u043e\u043d\u0442\u043e\u043b\u043e\u0433\u0438\u044f<\/option><option value=\"Chirurgin\u0117 odontologija\">\u0425\u0438\u0440\u0443\u0440\u0433\u0438\u0447\u0435\u0441\u043a\u0430\u044f \u0441\u0442\u043e\u043c\u0430\u0442\u043e\u043b\u043e\u0433\u0438\u044f<\/option><option value=\"Terapinis odontologinis gydymas\">\u0422\u0435\u0440\u0430\u043f\u0435\u0432\u0442\u0438\u0447\u0435\u0441\u043a\u0438\u0439 odontologinis \u043b\u0435\u0447\u0435\u043d\u0438\u0435<\/option><\/select><\/span>\n\t\t<\/p>\n\t<\/div>\n<\/div>\n\n<div class=\"pk-form-submit\">\n\t<p><input class=\"wpcf7-form-control wpcf7-submit has-spinner pk-form-submit\" type=\"submit\" value=\"\u0420\u0435\u0433\u0438\u0441\u0442\u0440\u0430\u0446\u0438\u044f\" \/>\n\t<\/p>\n<\/div><div class=\"wpcf7-response-output\" aria-hidden=\"true\"><\/div>\n<input type=\"hidden\" name=\"trp-form-language\" value=\"ru\"\/><\/form>\n<\/div>\n\n\t\t\t<\/div>\n\t<\/div>\n\t<\/div>\n\t<div class=\"ult-overlay-close top-right\" style=\"width:80px;height:80px; \"><div class=\"ult-overlay-close-inside\">Close<\/div><\/div>\n<\/div>\n\t\t\t<\/div> \n\t\t<\/div>\n\t<\/div> \n<\/div><\/div>","protected":false},"excerpt":{"rendered":"Regimantas SimuntisMed. dr. burnos chirurgas Paulius Tu\u0161asMed. dr. endodontologas Rimant\u0117Ko\u017eeniauskait\u0117Gyd. odontolog\u0117 Sofija Bal\u010daitien\u0117Gyd. odontolog\u0117 Justina Urbonait\u0117Burnos higienist\u0117 Evelina Lubyt\u0117Gyd. odontologo pad\u0117j\u0117ja Laura Kybartait\u0117Administrator\u0117 Greita registracija Pasirinkite paslaug\u0105Veido estetikos proced\u016brosEstetinis plombavimasDant\u0173...","protected":false},"author":1,"featured_media":0,"parent":0,"menu_order":0,"comment_status":"closed","ping_status":"closed","template":"","meta":{"footnotes":""},"class_list":["post-17","page","type-page","status-publish"],"_links":{"self":[{"href":"https:\/\/palangosklinika.lt\/ru\/wp-json\/wp\/v2\/pages\/17","targetHints":{"allow":["GET"]}}],"collection":[{"href":"https:\/\/palangosklinika.lt\/ru\/wp-json\/wp\/v2\/pages"}],"about":[{"href":"https:\/\/palangosklinika.lt\/ru\/wp-json\/wp\/v2\/types\/page"}],"author":[{"embeddable":true,"href":"https:\/\/palangosklinika.lt\/ru\/wp-json\/wp\/v2\/users\/1"}],"replies":[{"embeddable":true,"href":"https:\/\/palangosklinika.lt\/ru\/wp-json\/wp\/v2\/comments?post=17"}],"version-history":[{"count":0,"href":"https:\/\/palangosklinika.lt\/ru\/wp-json\/wp\/v2\/pages\/17\/revisions"}],"wp:attachment":[{"href":"https:\/\/palangosklinika.lt\/ru\/wp-json\/wp\/v2\/media?parent=17"}],"curies":[{"name":"wp","href":"https:\/\/api.w.org\/{rel}","templated":true}]}}